{"id":3,"date":"2022-07-13T08:54:33","date_gmt":"2022-07-13T06:54:33","guid":{"rendered":"https:\/\/erick-aubert-designer.eu\/?page_id=3"},"modified":"2024-05-17T09:08:03","modified_gmt":"2024-05-17T07:08:03","slug":"politique-de-confidentialite","status":"publish","type":"page","link":"https:\/\/erick-aubert-designer.eu\/en\/politique-de-confidentialite\/","title":{"rendered":"Legal notice"},"content":{"rendered":"<div data-elementor-type=\"wp-page\" data-elementor-id=\"3\" class=\"elementor elementor-3\">\n\t\t\t\t\t\t\t\t\t<section class=\"elementor-section elementor-top-section elementor-element elementor-element-26466bb2 elementor-section-boxed elementor-section-height-default elementor-section-height-default\" data-id=\"26466bb2\" data-element_type=\"section\" data-settings=\"{&quot;background_background&quot;:&quot;classic&quot;}\">\n\t\t\t\t\t\t<div class=\"elementor-container elementor-column-gap-default\">\n\t\t\t\t\t<div class=\"elementor-column elementor-col-100 elementor-top-column elementor-element elementor-element-1f393af0\" data-id=\"1f393af0\" data-element_type=\"column\">\n\t\t\t<div class=\"elementor-widget-wrap elementor-element-populated\">\n\t\t\t\t\t\t\t\t<div class=\"elementor-element elementor-element-59fb491 elementor-widget elementor-widget-spacer\" data-id=\"59fb491\" data-element_type=\"widget\" data-widget_type=\"spacer.default\">\n\t\t\t\t<div class=\"elementor-widget-container\">\n\t\t\t<style>\/*! elementor - v3.6.7 - 03-07-2022 *\/\n.e-container.e-container--row .elementor-spacer-inner{width:var(--spacer-size)}.e-container.e-container--column .elementor-spacer-inner,.elementor-column .elementor-spacer-inner{height:var(--spacer-size)}<\/style>\t\t<div class=\"elementor-spacer\">\n\t\t\t<div class=\"elementor-spacer-inner\"><\/div>\n\t\t<\/div>\n\t\t\t\t<\/div>\n\t\t\t\t<\/div>\n\t\t\t\t<div class=\"elementor-element elementor-element-7832bc9d elementor-widget elementor-widget-text-editor\" data-id=\"7832bc9d\" data-element_type=\"widget\" data-widget_type=\"text-editor.default\">\n\t\t\t\t<div class=\"elementor-widget-container\">\n\t\t\t<style>\/*! elementor - v3.6.7 - 03-07-2022 *\/\n.elementor-widget-text-editor.elementor-drop-cap-view-stacked .elementor-drop-cap{background-color:#818a91;color:#fff}.elementor-widget-text-editor.elementor-drop-cap-view-framed .elementor-drop-cap{color:#818a91;border:3px solid;background-color:transparent}.elementor-widget-text-editor:not(.elementor-drop-cap-view-default) .elementor-drop-cap{margin-top:8px}.elementor-widget-text-editor:not(.elementor-drop-cap-view-default) .elementor-drop-cap-letter{width:1em;height:1em}.elementor-widget-text-editor .elementor-drop-cap{float:left;text-align:center;line-height:1;font-size:50px}.elementor-widget-text-editor .elementor-drop-cap-letter{display:inline-block}<\/style>\t\t\t\t<p><!-- wp:paragraph --><\/p>\n<p><strong>Editor and publication manager\u00a0<\/strong><br \/>Erick AUBERT<br \/>+33 (0)768 79 27 14<\/p>\n<p>\u00a0<\/p>\n<p><strong>Creation and technical support\u00a0<\/strong><br \/>Website created and managed by<br \/>EDROWEB<br \/>14 chemin de Gargantua<br \/>69570 DARDILLY<\/p>\n<p><!-- \/wp:paragraph --><!-- wp:paragraph --><\/p>\n<p>Les serveurs d\u2019h\u00e9bergement du site sont exclusivement situ\u00e9s au sein de l\u2019Union Europ\u00e9enne.<\/p>\n<p><!-- \/wp:paragraph --><!-- wp:paragraph --><\/p>\n<p><!-- \/wp:paragraph --><!-- wp:paragraph --><\/p>\n<p>EDROWEB s\u2019engage \u00e0 ne proc\u00e9der \u00e0 aucun transfert de donn\u00e9es \u00e0 caract\u00e8re personnel \u00e0 destination d\u2019un Etat non membre de la Communaut\u00e9 europ\u00e9enne. Cependant, aucune transmission ou stockage de donn\u00e9es personnelles n\u2019est jamais totalement s\u00e9curis\u00e9e. En cons\u00e9quence, nous ne pouvons pas garantir la s\u00e9curit\u00e9 infaillible de l\u2019information transmise ou stock\u00e9e sur les serveurs d\u2019h\u00e9bergement.<\/p>\n<p><!-- \/wp:paragraph --><!-- wp:paragraph --><\/p>\n<p><strong><br \/>Engagement de Erick AUBERT<\/strong><br \/>M\u00eame \u00e0 titre payant, Erick AUBERT s\u2019engage \u00e0 ne communiquer aucune de ses bases de donn\u00e9es nominatives (e-mails, coordonn\u00e9es\u2026) \u00e0 de quelconque tiers.<br \/>Nous mesurons l\u2019implication des utilisateurs de la centrale lorsqu\u2019ils d\u00e9posent leurs informations.<br \/>De ce fait, nous refusons d\u2019exposer a posteriori les participants \u00e0 des campagnes commerciales ou publicitaires externes sans rapport avec l\u2019utilisation de Erick AUBERT.<\/p>\n<p><!-- \/wp:paragraph --><!-- wp:paragraph --><\/p>\n<p>\u00a0<\/p>\n<p><strong>Propri\u00e9t\u00e9\u00a0<\/strong><br \/>La loi fran\u00e7aise du 11 mars 1957 n\u2019autorisant, aux termes des alin\u00e9as 2 et 3 de l\u2019article 41, d\u2019une part, que les \u00ab\u00a0copies ou reproductions strictement r\u00e9serv\u00e9es \u00e0 l\u2019usage priv\u00e9 du copiste et non destin\u00e9es \u00e0 une utilisation collective\u00a0\u00bb, et, d\u2019autre part, que les analyses et les courtes citations dans un but d\u2019exemple et d\u2019illustration, \u00ab\u00a0toute repr\u00e9sentation ou reproduction int\u00e9grale, ou partielle, faite sans le consentement de l\u2019auteur ou de ses ayants droit ou ayants cause, est illicite\u00a0\u00bb (alin\u00e9a 1er de l\u2019article 40). Toute repr\u00e9sentation ou reproduction, par quelque proc\u00e9d\u00e9 que ce soit, constituerait donc une contrefa\u00e7on sanctionn\u00e9e par les articles 425 et suivants du code p\u00e9nal. L\u2019int\u00e9gralit\u00e9 des contenus pr\u00e9sent\u00e9s sur ce site est couverte par les droits moraux et les droits patrimoniaux de l\u2019auteur.<br \/>Celui-ci est titulaire exclusif des droits de propri\u00e9t\u00e9 intellectuelle et de producteur de base de donn\u00e9es concernant :<br \/>i) l\u2019organisation et la pr\u00e9sentation du service,<br \/>ii) les contr\u00f4les, les modalit\u00e9s, les proc\u00e9dures, les interfaces et plus g\u00e9n\u00e9ralement toutes les composantes, cr\u00e9ations, illustrations et textes du service,<br \/>iii) les donn\u00e9es disponibles sur le service.<br \/>A ce titre, l\u2019extraction et\/ou la r\u00e9utilisation d\u2019une portion substantielle des contenus disponibles sur le service ne peuvent \u00eatre accord\u00e9es que par le propri\u00e9taire de Erick AUBERT.<\/p>\n<p><!-- \/wp:paragraph --><!-- wp:paragraph --><\/p>\n<p>www.erick-aubert-designer.eu est la propri\u00e9t\u00e9 de Erick AUBERT.<\/p>\n<p><!-- \/wp:paragraph --><!-- wp:paragraph --><\/p>\n<p>\u00a0<\/p>\n<p><strong>Informatique et Libert\u00e9\u00a0<\/strong><br \/>Conform\u00e9ment \u00e0 la l\u00e9gislation fran\u00e7aise \u00ab\u00a0Informatique et Libert\u00e9s\u00a0\u00bb, toute personne cit\u00e9e dans ce service b\u00e9n\u00e9ficie d\u2019un \u00ab\u00a0droit d\u2019acc\u00e8s et de rectification\u00a0\u00bb pour les informations la concernant.<\/p>\n<p><!-- \/wp:paragraph --><!-- wp:paragraph --><\/p>\n<p>\u00a0<\/p>\n<p><strong>Donn\u00e9es personnelles collect\u00e9es<\/strong><br \/>Deux types de donn\u00e9es \u00e0 caract\u00e8re personnel sont collect\u00e9s sur le site :<\/p>\n<p><!-- \/wp:paragraph --><!-- wp:paragraph --><\/p>\n<p>\u2013 Donn\u00e9es saisies et envoy\u00e9es via les formulaires<br \/>\u2013 Donn\u00e9es collect\u00e9es par l\u2019outil de mesure d\u2019audience Google Analytics<\/p>\n<p><!-- \/wp:paragraph --><!-- wp:paragraph --><\/p>\n<p>La plupart des cookies utilis\u00e9s sur ce site web sont n\u00e9cessaires \u00e0 la navigation et au bon affichage du pr\u00e9sent site, tandis que quelques autres proviennent de Google Analytics et recueillent des statistiques de visites anonymes.<\/p>\n<p><!-- \/wp:paragraph --><!-- wp:paragraph --><\/p>\n<p>\u00a0<\/p>\n<p><strong>Finalit\u00e9 de la collecte des donn\u00e9es personnelles<\/strong><br \/>La collecte des donn\u00e9es personnelles via le formulaire pr\u00e9sent sur le site a pour but de :<\/p>\n<p><!-- \/wp:paragraph --><!-- wp:paragraph --><\/p>\n<p>\u2013 recontacter les personnes qui ont laiss\u00e9 leurs informations de contact<br \/>\u2013 assurer un suivi commercial des entreprises int\u00e9ress\u00e9es par nos services<\/p>\n<p><!-- \/wp:paragraph --><!-- wp:paragraph --><\/p>\n<p>En soumettant le formulaire et en cochant la case \u00e0 cocher de consentement du formulaire, l\u2019internaute donne express\u00e9ment son accord pour que les donn\u00e9es \u00e0 caract\u00e8re personnel soient trait\u00e9es pour la finalit\u00e9 de gestion de la relation commerciale.<\/p>\n<p><!-- \/wp:paragraph --><!-- wp:paragraph --><\/p>\n<p>En parcourant le site, l\u2019internaute donne express\u00e9ment son accord pour que les donn\u00e9es \u00e0 caract\u00e8re personnel collect\u00e9es par Google Analytics soient trait\u00e9es pour la finalit\u00e9 d\u2019analyse du comportement des internautes en vue de l\u2019am\u00e9lioration de la performance du site.<\/p>\n<p><!-- \/wp:paragraph --><!-- wp:paragraph --><\/p>\n<p>\u00a0<\/p>\n<p><strong>Dur\u00e9e de conservations des donn\u00e9es personnelles<\/strong><br \/>Les donn\u00e9es collect\u00e9es via les formulaires sont conserv\u00e9es pendant une dur\u00e9e de 3 ans \u00e0 compter de l\u2019envoi du formulaire.<\/p>\n<p><!-- \/wp:paragraph --><!-- wp:paragraph --><\/p>\n<p>\u00a0<\/p>\n<p><strong>Confidentialit\u00e9 des donn\u00e9es personnelles<\/strong><br \/>Les donn\u00e9es personnelles vous concernant et collect\u00e9es par le site sont uniquement destin\u00e9es \u00e0 l\u2019entreprise Erick AUBERT et seront uniquement exploit\u00e9es dans le cadre de la demande explicit\u00e9e via le formulaire. En aucun cas, les donn\u00e9es personnelles saisies et envoy\u00e9es sur les formulaires ne seront transmises, lou\u00e9es ou commercialis\u00e9es \u00e0 des tiers.<\/p>\n<p><!-- \/wp:paragraph --><!-- wp:paragraph --><\/p>\n<p>\u00a0<\/p>\n<p><strong>Droits d\u2019acc\u00e8s, de rectification ou de suppression des donn\u00e9es personnelles<\/strong><br \/>Conform\u00e9ment \u00e0 la loi Informatique et Libert\u00e9s du 6 janvier 1978 modifi\u00e9e, et le R\u00e8glement Europ\u00e9en G\u00e9n\u00e9ral sur la Protection des Donn\u00e9es 2016\/679 (RGPD), vous disposez des droits d\u2019acc\u00e8s, de rectification et de suppression des donn\u00e9es personnelles vous concernant que vous pouvez exercer en utilisant notre formulaire de contact.<\/p>\n<p><!-- \/wp:paragraph --><\/p>\t\t\t\t\t\t<\/div>\n\t\t\t\t<\/div>\n\t\t\t\t\t<\/div>\n\t\t<\/div>\n\t\t\t\t\t\t\t<\/div>\n\t\t<\/section>\n\t\t\t\t<section class=\"elementor-section elementor-top-section elementor-element elementor-element-b2867d3 elementor-section-boxed elementor-section-height-default elementor-section-height-default\" data-id=\"b2867d3\" data-element_type=\"section\" data-settings=\"{&quot;background_background&quot;:&quot;classic&quot;}\">\n\t\t\t\t\t\t<div class=\"elementor-container elementor-column-gap-default\">\n\t\t\t\t\t<div class=\"elementor-column elementor-col-100 elementor-top-column elementor-element elementor-element-00e5728\" data-id=\"00e5728\" data-element_type=\"column\">\n\t\t\t<div class=\"elementor-widget-wrap elementor-element-populated\">\n\t\t\t\t\t\t\t\t<div class=\"elementor-element elementor-element-2cff7b3 elementor-widget elementor-widget-text-editor\" data-id=\"2cff7b3\" data-element_type=\"widget\" data-widget_type=\"text-editor.default\">\n\t\t\t\t<div class=\"elementor-widget-container\">\n\t\t\t\t\t\t\t<p><strong>Cr\u00e9dits Photos<\/strong><\/p>\n<p>Elena Clara Savino, Erick Aubert, Marc Radermacher.<\/p>\t\t\t\t\t\t<\/div>\n\t\t\t\t<\/div>\n\t\t\t\t<div class=\"elementor-element elementor-element-6a7c777 elementor-widget elementor-widget-spacer\" data-id=\"6a7c777\" data-element_type=\"widget\" data-widget_type=\"spacer.default\">\n\t\t\t\t<div class=\"elementor-widget-container\">\n\t\t\t\t\t<div class=\"elementor-spacer\">\n\t\t\t<div class=\"elementor-spacer-inner\"><\/div>\n\t\t<\/div>\n\t\t\t\t<\/div>\n\t\t\t\t<\/div>\n\t\t\t\t\t<\/div>\n\t\t<\/div>\n\t\t\t\t\t\t\t<\/div>\n\t\t<\/section>\n\t\t\t\t\t\t\t<\/div>","protected":false},"excerpt":{"rendered":"<p>Editeur et responsable de la publication\u00a0Erick AUBERT+33 (0)768 79 27 14 \u00a0 Cr\u00e9ation et support technique\u00a0Site internet cr\u00e9\u00e9 et g\u00e9r\u00e9 par la soci\u00e9t\u00e9EDROWEB14 chemin de Gargantua69570 DARDILLY Les serveurs d\u2019h\u00e9bergement du site sont exclusivement situ\u00e9s au sein de l\u2019Union Europ\u00e9enne. EDROWEB s\u2019engage \u00e0 ne proc\u00e9der \u00e0 aucun transfert de donn\u00e9es \u00e0 caract\u00e8re personnel \u00e0 destination&hellip; <a class=\"more-link\" href=\"https:\/\/erick-aubert-designer.eu\/en\/politique-de-confidentialite\/\">Continue reading <span class=\"screen-reader-text\">Legal notice<\/span><\/a><\/p>","protected":false},"author":1,"featured_media":0,"parent":0,"menu_order":0,"comment_status":"closed","ping_status":"closed","template":"","meta":{"footnotes":""},"categories":[],"tags":[],"class_list":["post-3","page","type-page","status-publish","hentry","entry"],"yoast_head":"<!-- This site is optimized with the Yoast SEO plugin v19.10 - https:\/\/yoast.com\/wordpress\/plugins\/seo\/ -->\n<title>Infos L\u00e9gales - Erick AUBERT<\/title>\n<meta name=\"robots\" content=\"index, follow, max-snippet:-1, max-image-preview:large, max-video-preview:-1\" \/>\n<link rel=\"canonical\" href=\"https:\/\/erick-aubert-designer.eu\/en\/politique-de-confidentialite\/\" \/>\n<meta property=\"og:locale\" content=\"en_US\" \/>\n<meta property=\"og:type\" content=\"article\" \/>\n<meta property=\"og:title\" content=\"Infos L\u00e9gales - Erick AUBERT\" \/>\n<meta property=\"og:description\" content=\"Editeur et responsable de la publication\u00a0Erick AUBERT+33 (0)768 79 27 14 \u00a0 Cr\u00e9ation et support technique\u00a0Site internet cr\u00e9\u00e9 et g\u00e9r\u00e9 par la soci\u00e9t\u00e9EDROWEB14 chemin de Gargantua69570 DARDILLY Les serveurs d\u2019h\u00e9bergement du site sont exclusivement situ\u00e9s au sein de l\u2019Union Europ\u00e9enne. EDROWEB s\u2019engage \u00e0 ne proc\u00e9der \u00e0 aucun transfert de donn\u00e9es \u00e0 caract\u00e8re personnel \u00e0 destination&hellip; Continue reading Infos L\u00e9gales\" \/>\n<meta property=\"og:url\" content=\"https:\/\/erick-aubert-designer.eu\/en\/politique-de-confidentialite\/\" \/>\n<meta property=\"og:site_name\" content=\"Erick AUBERT\" \/>\n<meta property=\"article:modified_time\" content=\"2024-05-17T07:08:03+00:00\" \/>\n<meta name=\"twitter:card\" content=\"summary_large_image\" \/>\n<meta name=\"twitter:label1\" content=\"Est. reading time\" \/>\n\t<meta name=\"twitter:data1\" content=\"4 minutes\" \/>\n<script type=\"application\/ld+json\" class=\"yoast-schema-graph\">{\"@context\":\"https:\/\/schema.org\",\"@graph\":[{\"@type\":\"WebPage\",\"@id\":\"https:\/\/erick-aubert-designer.eu\/politique-de-confidentialite\/\",\"url\":\"https:\/\/erick-aubert-designer.eu\/politique-de-confidentialite\/\",\"name\":\"Infos L\u00e9gales - Erick AUBERT\",\"isPartOf\":{\"@id\":\"https:\/\/erick-aubert-designer.eu\/#website\"},\"datePublished\":\"2022-07-13T06:54:33+00:00\",\"dateModified\":\"2024-05-17T07:08:03+00:00\",\"breadcrumb\":{\"@id\":\"https:\/\/erick-aubert-designer.eu\/politique-de-confidentialite\/#breadcrumb\"},\"inLanguage\":\"en-US\",\"potentialAction\":[{\"@type\":\"ReadAction\",\"target\":[\"https:\/\/erick-aubert-designer.eu\/politique-de-confidentialite\/\"]}]},{\"@type\":\"BreadcrumbList\",\"@id\":\"https:\/\/erick-aubert-designer.eu\/politique-de-confidentialite\/#breadcrumb\",\"itemListElement\":[{\"@type\":\"ListItem\",\"position\":1,\"name\":\"Accueil\",\"item\":\"https:\/\/erick-aubert-designer.eu\/\"},{\"@type\":\"ListItem\",\"position\":2,\"name\":\"Infos L\u00e9gales\"}]},{\"@type\":\"WebSite\",\"@id\":\"https:\/\/erick-aubert-designer.eu\/#website\",\"url\":\"https:\/\/erick-aubert-designer.eu\/\",\"name\":\"Erick AUBERT\",\"description\":\"Cr\u00e9ateur de mobilier lumineux\",\"publisher\":{\"@id\":\"https:\/\/erick-aubert-designer.eu\/#organization\"},\"potentialAction\":[{\"@type\":\"SearchAction\",\"target\":{\"@type\":\"EntryPoint\",\"urlTemplate\":\"https:\/\/erick-aubert-designer.eu\/?s={search_term_string}\"},\"query-input\":\"required name=search_term_string\"}],\"inLanguage\":\"en-US\"},{\"@type\":\"Organization\",\"@id\":\"https:\/\/erick-aubert-designer.eu\/#organization\",\"name\":\"Erick AUBERT\",\"url\":\"https:\/\/erick-aubert-designer.eu\/\",\"logo\":{\"@type\":\"ImageObject\",\"inLanguage\":\"en-US\",\"@id\":\"https:\/\/erick-aubert-designer.eu\/#\/schema\/logo\/image\/\",\"url\":\"https:\/\/erick-aubert-designer.eu\/wp-content\/uploads\/2022\/07\/logo-erick-aubert-255.png\",\"contentUrl\":\"https:\/\/erick-aubert-designer.eu\/wp-content\/uploads\/2022\/07\/logo-erick-aubert-255.png\",\"width\":255,\"height\":255,\"caption\":\"Erick AUBERT\"},\"image\":{\"@id\":\"https:\/\/erick-aubert-designer.eu\/#\/schema\/logo\/image\/\"}}]}<\/script>\n<!-- \/ Yoast SEO plugin. -->","yoast_head_json":{"title":"Infos L\u00e9gales - Erick AUBERT","robots":{"index":"index","follow":"follow","max-snippet":"max-snippet:-1","max-image-preview":"max-image-preview:large","max-video-preview":"max-video-preview:-1"},"canonical":"https:\/\/erick-aubert-designer.eu\/en\/politique-de-confidentialite\/","og_locale":"en_US","og_type":"article","og_title":"Infos L\u00e9gales - Erick AUBERT","og_description":"Editeur et responsable de la publication\u00a0Erick AUBERT+33 (0)768 79 27 14 \u00a0 Cr\u00e9ation et support technique\u00a0Site internet cr\u00e9\u00e9 et g\u00e9r\u00e9 par la soci\u00e9t\u00e9EDROWEB14 chemin de Gargantua69570 DARDILLY Les serveurs d\u2019h\u00e9bergement du site sont exclusivement situ\u00e9s au sein de l\u2019Union Europ\u00e9enne. EDROWEB s\u2019engage \u00e0 ne proc\u00e9der \u00e0 aucun transfert de donn\u00e9es \u00e0 caract\u00e8re personnel \u00e0 destination&hellip; Continue reading Infos L\u00e9gales","og_url":"https:\/\/erick-aubert-designer.eu\/en\/politique-de-confidentialite\/","og_site_name":"Erick AUBERT","article_modified_time":"2024-05-17T07:08:03+00:00","twitter_card":"summary_large_image","twitter_misc":{"Est. reading time":"4 minutes"},"schema":{"@context":"https:\/\/schema.org","@graph":[{"@type":"WebPage","@id":"https:\/\/erick-aubert-designer.eu\/politique-de-confidentialite\/","url":"https:\/\/erick-aubert-designer.eu\/politique-de-confidentialite\/","name":"Infos L\u00e9gales - Erick AUBERT","isPartOf":{"@id":"https:\/\/erick-aubert-designer.eu\/#website"},"datePublished":"2022-07-13T06:54:33+00:00","dateModified":"2024-05-17T07:08:03+00:00","breadcrumb":{"@id":"https:\/\/erick-aubert-designer.eu\/politique-de-confidentialite\/#breadcrumb"},"inLanguage":"en-US","potentialAction":[{"@type":"ReadAction","target":["https:\/\/erick-aubert-designer.eu\/politique-de-confidentialite\/"]}]},{"@type":"BreadcrumbList","@id":"https:\/\/erick-aubert-designer.eu\/politique-de-confidentialite\/#breadcrumb","itemListElement":[{"@type":"ListItem","position":1,"name":"Accueil","item":"https:\/\/erick-aubert-designer.eu\/"},{"@type":"ListItem","position":2,"name":"Infos L\u00e9gales"}]},{"@type":"WebSite","@id":"https:\/\/erick-aubert-designer.eu\/#website","url":"https:\/\/erick-aubert-designer.eu\/","name":"Erick AUBERT","description":"Cr\u00e9ateur de mobilier lumineux","publisher":{"@id":"https:\/\/erick-aubert-designer.eu\/#organization"},"potentialAction":[{"@type":"SearchAction","target":{"@type":"EntryPoint","urlTemplate":"https:\/\/erick-aubert-designer.eu\/?s={search_term_string}"},"query-input":"required name=search_term_string"}],"inLanguage":"en-US"},{"@type":"Organization","@id":"https:\/\/erick-aubert-designer.eu\/#organization","name":"Erick AUBERT","url":"https:\/\/erick-aubert-designer.eu\/","logo":{"@type":"ImageObject","inLanguage":"en-US","@id":"https:\/\/erick-aubert-designer.eu\/#\/schema\/logo\/image\/","url":"https:\/\/erick-aubert-designer.eu\/wp-content\/uploads\/2022\/07\/logo-erick-aubert-255.png","contentUrl":"https:\/\/erick-aubert-designer.eu\/wp-content\/uploads\/2022\/07\/logo-erick-aubert-255.png","width":255,"height":255,"caption":"Erick AUBERT"},"image":{"@id":"https:\/\/erick-aubert-designer.eu\/#\/schema\/logo\/image\/"}}]}},"_links":{"self":[{"href":"https:\/\/erick-aubert-designer.eu\/en\/wp-json\/wp\/v2\/pages\/3","targetHints":{"allow":["GET"]}}],"collection":[{"href":"https:\/\/erick-aubert-designer.eu\/en\/wp-json\/wp\/v2\/pages"}],"about":[{"href":"https:\/\/erick-aubert-designer.eu\/en\/wp-json\/wp\/v2\/types\/page"}],"author":[{"embeddable":true,"href":"https:\/\/erick-aubert-designer.eu\/en\/wp-json\/wp\/v2\/users\/1"}],"replies":[{"embeddable":true,"href":"https:\/\/erick-aubert-designer.eu\/en\/wp-json\/wp\/v2\/comments?post=3"}],"version-history":[{"count":26,"href":"https:\/\/erick-aubert-designer.eu\/en\/wp-json\/wp\/v2\/pages\/3\/revisions"}],"predecessor-version":[{"id":935,"href":"https:\/\/erick-aubert-designer.eu\/en\/wp-json\/wp\/v2\/pages\/3\/revisions\/935"}],"wp:attachment":[{"href":"https:\/\/erick-aubert-designer.eu\/en\/wp-json\/wp\/v2\/media?parent=3"}],"wp:term":[{"taxonomy":"category","embeddable":true,"href":"https:\/\/erick-aubert-designer.eu\/en\/wp-json\/wp\/v2\/categories?post=3"},{"taxonomy":"post_tag","embeddable":true,"href":"https:\/\/erick-aubert-designer.eu\/en\/wp-json\/wp\/v2\/tags?post=3"}],"curies":[{"name":"wp","href":"https:\/\/api.w.org\/{rel}","templated":true}]}}